{"id":102,"date":"2022-01-13T20:46:44","date_gmt":"2022-01-13T20:46:44","guid":{"rendered":"https:\/\/naturfreunde-wandern-und-golfen.org\/wp\/?page_id=102"},"modified":"2022-12-27T20:11:22","modified_gmt":"2022-12-27T20:11:22","slug":"reise-2","status":"publish","type":"page","link":"https:\/\/naturfreunde-wandern-und-golfen.org\/wp\/reise-2\/","title":{"rendered":"Gran Canaria Solobre Golfresort"},"content":{"rendered":"\n\n\n\n\n<h2>Reise 2 (M\u00e4rz 2018)<br><\/h2>\n\n\n\n\n\n<p><font size=\"4\">Gran Canaria, unsere zweite Leidenschaft nach dem Defreggental, eine herrliche Insel, tolle Golfpl\u00e4tze und ebenso sch\u00f6ne Wanderwege. Wir bevorzugen das Solobre Golfresort, zum Einen gibt es ein gutes Hotel und zum Anderen die M\u00f6glichkeit Ferienh\u00e4user zu mieten. Sowohl das Hotel als auch die Ferienh\u00e4user liegen direkt am Golfplatz.&nbsp;<\/font><\/p>\n\n\n<p><font size=\"4\">In jedem Fall ben\u00f6tigt man einen Leihwagen um die Insel und all Ihre Sch\u00f6nheit kennenzulernen. Die Lage des Solobre Golfresorts ist ideal, in 10 Minuten ist man am Meer -es gibt auch einen Shuttlebus vom Hotel aus und eine kleine Lodge am Strand. Die Wanderwege sind ebenfalls sehr sch\u00f6n beschildert, es empfiehlt sich einen Wanderf\u00fchrer oder eine App auf dem Handy zu haben.&nbsp;<\/font><\/p>\n\n\n<p><font size=\"4\">Die 2 Golfpl\u00e4tze am Hotel sind f\u00fcr jeden Golfer eine Herausforderung, au\u00dferdem gibt es gerade einmal 10 Minuten mit dem PKW entfernt 2 weitere sehr sch\u00f6ne Golfpl\u00e4tze, so dass es ausreichend Abwechslung gibt. Der &#8222;neue&#8220; Golfplatz wurde ins Hinterland gebaut und man sollte gen\u00fcgend B\u00e4lle dabei haben, spielt man etwas ungenau, so ist der Ball schnell in einer der kleinen Schluchten verschwunden oder aber er liegt an einer unzug\u00e4nglichen Stelle zwischen den Kakteen. Bleibt man auf dem Fairway, so spielt sich der Platz sehr gut, jedoch sollte man davon absehen die Wege mit einem Trolley zur\u00fccklegen zu wollen, daf\u00fcr ist es einfach zu h\u00fcgelig!&nbsp;<\/font><\/p>\n\n\n\n\n\n\n\n\n\n\n\n\n\n","protected":false},"excerpt":{"rendered":"","protected":false},"author":1,"featured_media":0,"parent":0,"menu_order":0,"comment_status":"closed","ping_status":"closed","template":"","meta":{"pagelayer_contact_templates":[],"_pagelayer_content":"","footnotes":""},"class_list":["post-102","page","type-page","status-publish","hentry"],"_links":{"self":[{"href":"https:\/\/naturfreunde-wandern-und-golfen.org\/wp\/wp-json\/wp\/v2\/pages\/102","targetHints":{"allow":["GET"]}}],"collection":[{"href":"https:\/\/naturfreunde-wandern-und-golfen.org\/wp\/wp-json\/wp\/v2\/pages"}],"about":[{"href":"https:\/\/naturfreunde-wandern-und-golfen.org\/wp\/wp-json\/wp\/v2\/types\/page"}],"author":[{"embeddable":true,"href":"https:\/\/naturfreunde-wandern-und-golfen.org\/wp\/wp-json\/wp\/v2\/users\/1"}],"replies":[{"embeddable":true,"href":"https:\/\/naturfreunde-wandern-und-golfen.org\/wp\/wp-json\/wp\/v2\/comments?post=102"}],"version-history":[{"count":12,"href":"https:\/\/naturfreunde-wandern-und-golfen.org\/wp\/wp-json\/wp\/v2\/pages\/102\/revisions"}],"predecessor-version":[{"id":290,"href":"https:\/\/naturfreunde-wandern-und-golfen.org\/wp\/wp-json\/wp\/v2\/pages\/102\/revisions\/290"}],"wp:attachment":[{"href":"https:\/\/naturfreunde-wandern-und-golfen.org\/wp\/wp-json\/wp\/v2\/media?parent=102"}],"curies":[{"name":"wp","href":"https:\/\/api.w.org\/{rel}","templated":true}]}}